{"id":102,"date":"2024-03-14T10:49:51","date_gmt":"2024-03-14T10:49:51","guid":{"rendered":"https:\/\/airelibrejaen.es\/wp\/?page_id=102"},"modified":"2024-03-14T10:49:51","modified_gmt":"2024-03-14T10:49:51","slug":"el-seguro-de-responsabilidad-civil-de-la-ficc","status":"publish","type":"page","link":"https:\/\/airelibrejaen.es\/wp\/el-seguro-de-responsabilidad-civil-de-la-ficc\/","title":{"rendered":"El Seguro de Responsabilidad Civil de la FICC"},"content":{"rendered":"\n<p><strong>Riesgos Cubiertos<\/strong><\/p>\n\n\n\n<p>En el seno de una asociaci\u00f3n adherida a la FICC, este seguro tiene por objeto pagar hasta los limites m\u00e1ximos establecidos y que m\u00e1s adelante se se\u00f1alan las sumas que legalmente deber\u00eda abonar todo campista miembro de esta asociaci\u00f3n en relaci\u00f3n a las reclamaciones efectuadas en su contra, en raz\u00f3n de da\u00f1os corporales o materiales causados A TERCERAS PERSONAS como resultado de accidente ocurrido durante la practica del campismo fuera de la residencia habitual.<\/p>\n\n\n\n<p>Se entiende la expresi\u00f3n fuera de su residencia habitual como periodo comprendido entre la salida de su domicilio para ir a practicar campismo y su retorno al mismo.<\/p>\n\n\n\n<p>Queremos destacar un hecho, que entendemos que debe de quedar muy claro. Este seguro cubre da\u00f1os a terceras personas, nunca da\u00f1os propios. Igualmente cubre a todos los miembros de la familia que habitualmente viven bajo el mismo techo que el asegurado, y a todas las personas que con \u00e9l viajan, en el mismo veh\u00edculo, y practicando campismo con \u00e9l.<\/p>\n\n\n\n<p><strong>Extensi\u00f3n territorial<\/strong><\/p>\n\n\n\n<p>El seguro es valido en todo el mundo.<\/p>\n\n\n\n<p><strong>Duraci\u00f3n de la Garant\u00eda<\/strong><\/p>\n\n\n\n<p>El seguro cubre periodos de tiempo coincidentes con a\u00f1os naturales, es decir, desde el d\u00eda primero de enero hasta el ultimo de diciembre.<\/p>\n\n\n\n<p><strong>Montante del Seguro:<\/strong><\/p>\n\n\n\n<p>El titular y los acompa\u00f1antes que practican el campismo y\/o caravanismo, quedan asegurados con excepci\u00f3n de los da\u00f1os producidos o con el coche o con la caravana enganchada al mismo, contra riesgos hacia terceros (heridas corporales a personas, da\u00f1os a la propiedad causados por accidente) hasta un m\u00e1ximo de 2,5 millones de francos suizos (175 millones de pesetas o 1.051.771,00 de Euros).<\/p>\n\n\n\n<p>Si el titular de un carnet internacional de camping es valido y en vigor, se marcha del camping sin haber pagado su estancia, la entidad emisora indemniza al camping abon\u00e1ndole la estancia hasta siete pernoctaciones.<\/p>\n\n\n\n<p><strong>Pago de las Cantidades<\/strong><\/p>\n\n\n\n<p>Hasta la cifra de 500 francos suizos (35.000,- pesetas o 210,35 de Euros), la FICC reembolsa directamente los siniestros, en la medida que \u00e9stos est\u00e9n debidamente asegurados.<\/p>\n\n\n\n<p>Los siniestros de mas de 5000 francos suizos (350.000 pesetas o 2.103&#8217;54 euros), son enviados por la FICC, a la compa\u00f1\u00eda Lloyd\u00b4s de Londres, con el fin de que esta efect\u00fae el debido peritaje y posterior pago. La liquidaci\u00f3n es entonces efectuada desde Londres por la propia Lloyd\u00b4s.<\/p>\n\n\n\n<p><strong>Exclusiones<\/strong><\/p>\n\n\n\n<p>Esta p\u00f3liza no cubre la responsabilidad civil:<\/p>\n\n\n\n<ol class=\"wp-block-list\">\n<li>Ocurrida en raz\u00f3n de da\u00f1os corporales o enfermedad, o da\u00f1os materiales:\n<ul class=\"wp-block-list\">\n<li>Causados directa o indirectamente por cualquier veh\u00edculo de propulsi\u00f3n mec\u00e1nica.<\/li>\n\n\n\n<li>Causados directa o indirectamente por cualquier barco, embarcaci\u00f3n o avi\u00f3n, o resultante de todo trabajo efectuado a bordo o por cuenta de la asociaci\u00f3n asegurada o del miembro de esta asegurado resultantes de intoxicaci\u00f3n alimentaria o de la presencia en bebidas o alimentos de materias extra\u00f1as o en malas condiciones.<\/li>\n\n\n\n<li>Resultantes de la poluci\u00f3n del aire, del agua, o del sol a menos que sea demostrado que alguna de estas causas sea la consecuencia inmediata del accidente, ocasionados directa o indirectamente por los siguientes hechos, u ocurridos a consecuencia de los mismos, a saber: guerra, invasi\u00f3n, actos de enemigo extranjero, hostilidades (este o no declarada la guerra), guerra civil, rebeli\u00f3n, revoluci\u00f3n, insurrecci\u00f3n, poder militar o usurpaci\u00f3n de poder.<\/li>\n\n\n\n<li>Ocasionados directa o indirectamente como consecuencia de la organizaci\u00f3n de cualquier acontecimiento que constituya un espect\u00e1culo de gran envergadura y de pago. Esto no concierne a las peque\u00f1as manifestaciones organizadas por los campistas con \u00fanica finalidad de entretenimiento.<\/li>\n<\/ul>\n<\/li>\n\n\n\n<li>Ocurrida en raz\u00f3n de da\u00f1os materiales surgidos en el curso de la actividad profesional, o resultados de la misma, por toda persona empleada al servicio de la asociaci\u00f3n asegurada o del miembro de esta asegurado, en virtud de un contrato de trabajo o de aprendizaje establecido entre ambos.<\/li>\n\n\n\n<li>Ocurrida en raz\u00f3n de da\u00f1os materiales causados a los bienes en que un miembro asegurado, o persona encargada por \u00e9l, sea propietaria u ocupante, o del que tenga la guardia o control de un miembro de la familia del asegurado o de la persona encargada por el que efect\u00fae camping conjuntamente con \u00e9l.<\/li>\n\n\n\n<li>Ocurrida en raz\u00f3n de todo acto de mala vigilancia cometido por personas aseguradas:\n<ul class=\"wp-block-list\">\n<li>Por ejemplo: en raz\u00f3n de los da\u00f1os causados en terrenos de cultivo por el paso repetido de campistas o por la instalaci\u00f3n de tiendas o caravanas.<\/li>\n\n\n\n<li>En raz\u00f3n del abandono sobre el terreno de detritus o de basuras dom\u00e9sticas.<\/li>\n\n\n\n<li>En raz\u00f3n de da\u00f1os causados a canalizaciones de agua, de gas, o de cables el\u00e9ctricos subterr\u00e1neos.<\/li>\n<\/ul>\n<\/li>\n\n\n\n<li>Si el asegurado efect\u00faa una declaraci\u00f3n a sabiendas de que esta es falsa o fraudulenta en lo que respecta a la cantidad o cualquier otro punto de la misma, este seguro pierde su validez, anul\u00e1ndose todas las prestaciones previstas.<\/li>\n<\/ol>\n\n\n\n<p><strong>(Extra\u00eddo de la Gu\u00eda de Camping de la FECC)<\/strong><\/p>\n","protected":false},"excerpt":{"rendered":"<p>Riesgos Cubiertos En el seno de una asociaci\u00f3n adherida a la FICC, este seguro tiene por objeto pagar hasta los limites m\u00e1ximos establecidos y que m\u00e1s adelante se se\u00f1alan las sumas que legalmente deber\u00eda abonar todo campista miembro de esta asociaci\u00f3n en relaci\u00f3n a las reclamaciones efectuadas en su contra, en raz\u00f3n de da\u00f1os corporales [&hellip;]<\/p>\n","protected":false},"author":1,"featured_media":0,"parent":0,"menu_order":0,"comment_status":"closed","ping_status":"closed","template":"","meta":{"footnotes":""},"class_list":["post-102","page","type-page","status-publish","hentry"],"_links":{"self":[{"href":"https:\/\/airelibrejaen.es\/wp\/wp-json\/wp\/v2\/pages\/102","targetHints":{"allow":["GET"]}}],"collection":[{"href":"https:\/\/airelibrejaen.es\/wp\/wp-json\/wp\/v2\/pages"}],"about":[{"href":"https:\/\/airelibrejaen.es\/wp\/wp-json\/wp\/v2\/types\/page"}],"author":[{"embeddable":true,"href":"https:\/\/airelibrejaen.es\/wp\/wp-json\/wp\/v2\/users\/1"}],"replies":[{"embeddable":true,"href":"https:\/\/airelibrejaen.es\/wp\/wp-json\/wp\/v2\/comments?post=102"}],"version-history":[{"count":1,"href":"https:\/\/airelibrejaen.es\/wp\/wp-json\/wp\/v2\/pages\/102\/revisions"}],"predecessor-version":[{"id":105,"href":"https:\/\/airelibrejaen.es\/wp\/wp-json\/wp\/v2\/pages\/102\/revisions\/105"}],"wp:attachment":[{"href":"https:\/\/airelibrejaen.es\/wp\/wp-json\/wp\/v2\/media?parent=102"}],"curies":[{"name":"wp","href":"https:\/\/api.w.org\/{rel}","templated":true}]}}